{"id":46056,"date":"2024-11-27T13:27:28","date_gmt":"2024-11-27T13:27:28","guid":{"rendered":"https:\/\/tradexfrancemotors.com\/?page_id=46056"},"modified":"2024-11-27T13:35:53","modified_gmt":"2024-11-27T13:35:53","slug":"a-propos","status":"publish","type":"page","link":"https:\/\/tradexfrancemotors.com\/index.php\/fr\/a-propos\/","title":{"rendered":"\u00c0 propos"},"content":{"rendered":"\t\t<div data-elementor-type=\"wp-page\" data-elementor-id=\"46056\" class=\"elementor elementor-46056\" data-elementor-post-type=\"page\">\n\t\t\t\t<div class=\"elementor-element elementor-element-ede1dfc e-flex e-con-boxed e-con e-parent\" data-id=\"ede1dfc\" data-element_type=\"container\">\n\t\t\t\t\t<div class=\"e-con-inner\">\n\t\t<div class=\"elementor-element elementor-element-d268472 e-con-full e-flex e-con e-child\" data-id=\"d268472\" data-element_type=\"container\">\n\t\t\t\t<div class=\"elementor-element elementor-element-45deda0 elementor-widget elementor-widget-heading\" data-id=\"45deda0\" data-element_type=\"widget\" data-widget_type=\"heading.default\">\n\t\t\t\t<div class=\"elementor-widget-container\">\n\t\t\t\t\t<h2 class=\"elementor-heading-title elementor-size-default\">HISTOIRE DE LA MARQUE<\/h2>\t\t\t\t<\/div>\n\t\t\t\t<\/div>\n\t\t\t\t<div class=\"elementor-element elementor-element-4b10423 elementor-widget elementor-widget-text-editor\" data-id=\"4b10423\" data-element_type=\"widget\" data-widget_type=\"text-editor.default\">\n\t\t\t\t<div class=\"elementor-widget-container\">\n\t\t\t\t\t\t\t\t\t<p>Depuis 1999, Tradex France est un fournisseur automobile de premier plan, proposant une large gamme de pi\u00e8ces d\u00e9tach\u00e9es automobiles \u00e9quivalentes \u00e0 l&#8217;original pour les v\u00e9hicules de tourisme. Notre d\u00e9vouement \u00e0 l&#8217;innovation se refl\u00e8te dans nos efforts continus pour am\u00e9liorer les processus de fabrication et introduire de nouveaux produits. Cependant, c&#8217;est notre personnel exceptionnel qui nous distingue vraiment et nous donne un avantage concurrentiel.<\/p><p>Chez Tradex France, nous accordons la priorit\u00e9 \u00e0 l&#8217;assurance qualit\u00e9. Nos processus de fabrication sont m\u00e9ticuleusement con\u00e7us pour \u00eatre respectueux de l&#8217;environnement, garantissant que nos produits non seulement r\u00e9pondent aux attentes en mati\u00e8re de performances, mais les d\u00e9passent. Nous croyons fermement qu&#8217;il n&#8217;existe qu&#8217;une seule norme de qualit\u00e9 : celle qui garantit que nos produits remplissent leur fonction pr\u00e9vue.<\/p><p>Proche de ses clients, Tradex France accorde une grande importance au traitement efficace des commandes et \u00e0 la satisfaction des demandes dans le monde entier. Le contr\u00f4le qualit\u00e9 et le suivi rigoureux de la production sont des valeurs fondamentales qui sous-tendent le succ\u00e8s de notre entreprise.<\/p>\t\t\t\t\t\t\t\t<\/div>\n\t\t\t\t<\/div>\n\t\t\t\t<\/div>\n\t\t<div class=\"elementor-element elementor-element-53a78cd e-con-full e-flex e-con e-child\" data-id=\"53a78cd\" data-element_type=\"container\">\n\t\t\t\t<div class=\"elementor-element elementor-element-e1ca001 elementor-widget elementor-widget-image\" data-id=\"e1ca001\" data-element_type=\"widget\" data-widget_type=\"image.default\">\n\t\t\t\t<div class=\"elementor-widget-container\">\n\t\t\t\t\t\t\t\t\t\t\t\t\t\t\t<img fetchpriority=\"high\" decoding=\"async\" width=\"741\" height=\"417\" src=\"https:\/\/tradexfrancemotors.com\/wp-content\/uploads\/2024\/11\/aboutus.png\" class=\"attachment-large size-large wp-image-45947\" alt=\"\" \/>\t\t\t\t\t\t\t\t\t\t\t\t\t\t\t<\/div>\n\t\t\t\t<\/div>\n\t\t\t\t<\/div>\n\t\t\t\t\t<\/div>\n\t\t\t\t<\/div>\n\t\t<div class=\"elementor-element elementor-element-f33a405 e-flex e-con-boxed e-con e-parent\" data-id=\"f33a405\" data-element_type=\"container\">\n\t\t\t\t\t<div class=\"e-con-inner\">\n\t\t<div class=\"elementor-element elementor-element-c951993 e-con-full e-flex e-con e-child\" data-id=\"c951993\" data-element_type=\"container\">\n\t\t\t\t<div class=\"elementor-element elementor-element-93c8aaa elementor-widget elementor-widget-heading\" data-id=\"93c8aaa\" data-element_type=\"widget\" data-widget_type=\"heading.default\">\n\t\t\t\t<div class=\"elementor-widget-container\">\n\t\t\t\t\t<h2 class=\"elementor-heading-title elementor-size-default\">Plus de nouvelles pi\u00e8ces automobiles mises \u00e0 jour<\/h2>\t\t\t\t<\/div>\n\t\t\t\t<\/div>\n\t\t\t\t<div class=\"elementor-element elementor-element-0a58b83 elementor-widget elementor-widget-image\" data-id=\"0a58b83\" data-element_type=\"widget\" data-widget_type=\"image.default\">\n\t\t\t\t<div class=\"elementor-widget-container\">\n\t\t\t\t\t\t\t\t\t\t\t\t\t\t\t<img decoding=\"async\" width=\"147\" height=\"53\" src=\"https:\/\/tradexfrancemotors.com\/wp-content\/uploads\/2024\/11\/3k.png\" class=\"attachment-full size-full wp-image-45954\" alt=\"\" \/>\t\t\t\t\t\t\t\t\t\t\t\t\t\t\t<\/div>\n\t\t\t\t<\/div>\n\t\t\t\t<\/div>\n\t\t<div class=\"elementor-element elementor-element-e80511a e-con-full e-flex e-con e-child\" data-id=\"e80511a\" data-element_type=\"container\">\n\t\t\t\t<div class=\"elementor-element elementor-element-9e6bd39 elementor-widget elementor-widget-heading\" data-id=\"9e6bd39\" data-element_type=\"widget\" data-widget_type=\"heading.default\">\n\t\t\t\t<div class=\"elementor-widget-container\">\n\t\t\t\t\t<h2 class=\"elementor-heading-title elementor-size-default\">Commandes servies avec succ\u00e8s<\/h2>\t\t\t\t<\/div>\n\t\t\t\t<\/div>\n\t\t\t\t<div class=\"elementor-element elementor-element-cfed65f elementor-widget elementor-widget-image\" data-id=\"cfed65f\" data-element_type=\"widget\" data-widget_type=\"image.default\">\n\t\t\t\t<div class=\"elementor-widget-container\">\n\t\t\t\t\t\t\t\t\t\t\t\t\t\t\t<img decoding=\"async\" width=\"227\" height=\"54\" src=\"https:\/\/tradexfrancemotors.com\/wp-content\/uploads\/2024\/11\/150k.png\" class=\"attachment-large size-large wp-image-45958\" alt=\"\" \/>\t\t\t\t\t\t\t\t\t\t\t\t\t\t\t<\/div>\n\t\t\t\t<\/div>\n\t\t\t\t<\/div>\n\t\t<div class=\"elementor-element elementor-element-93b4fd6 e-con-full e-flex e-con e-child\" data-id=\"93b4fd6\" data-element_type=\"container\">\n\t\t\t\t<div class=\"elementor-element elementor-element-657f34b elementor-widget elementor-widget-heading\" data-id=\"657f34b\" data-element_type=\"widget\" data-widget_type=\"heading.default\">\n\t\t\t\t<div class=\"elementor-widget-container\">\n\t\t\t\t\t<h2 class=\"elementor-heading-title elementor-size-default\">Des clients satisfaits dans 70 pays<\/h2>\t\t\t\t<\/div>\n\t\t\t\t<\/div>\n\t\t\t\t<div class=\"elementor-element elementor-element-f812598 elementor-widget elementor-widget-image\" data-id=\"f812598\" data-element_type=\"widget\" data-widget_type=\"image.default\">\n\t\t\t\t<div class=\"elementor-widget-container\">\n\t\t\t\t\t\t\t\t\t\t\t\t\t\t\t<img loading=\"lazy\" decoding=\"async\" width=\"201\" height=\"54\" src=\"https:\/\/tradexfrancemotors.com\/wp-content\/uploads\/2024\/11\/90.png\" class=\"attachment-large size-large wp-image-45959\" alt=\"\" \/>\t\t\t\t\t\t\t\t\t\t\t\t\t\t\t<\/div>\n\t\t\t\t<\/div>\n\t\t\t\t<\/div>\n\t\t\t\t\t<\/div>\n\t\t\t\t<\/div>\n\t\t<div class=\"elementor-element elementor-element-53fa4be e-flex e-con-boxed e-con e-parent\" data-id=\"53fa4be\" data-element_type=\"container\">\n\t\t\t\t\t<div class=\"e-con-inner\">\n\t\t<div class=\"elementor-element elementor-element-bbd56a4 e-con-full e-flex e-con e-child\" data-id=\"bbd56a4\" data-element_type=\"container\">\n\t\t\t\t<div class=\"elementor-element elementor-element-e511a8b elementor-widget elementor-widget-image\" data-id=\"e511a8b\" data-element_type=\"widget\" data-widget_type=\"image.default\">\n\t\t\t\t<div class=\"elementor-widget-container\">\n\t\t\t\t\t\t\t\t\t\t\t\t\t\t\t<img loading=\"lazy\" decoding=\"async\" width=\"735\" height=\"425\" src=\"https:\/\/tradexfrancemotors.com\/wp-content\/uploads\/2024\/11\/trad.png\" class=\"attachment-large size-large wp-image-45963\" alt=\"\" \/>\t\t\t\t\t\t\t\t\t\t\t\t\t\t\t<\/div>\n\t\t\t\t<\/div>\n\t\t\t\t<\/div>\n\t\t<div class=\"elementor-element elementor-element-0c4f3dc e-con-full e-flex e-con e-child\" data-id=\"0c4f3dc\" data-element_type=\"container\">\n\t\t\t\t<div class=\"elementor-element elementor-element-7920bf2 elementor-widget elementor-widget-heading\" data-id=\"7920bf2\" data-element_type=\"widget\" data-widget_type=\"heading.default\">\n\t\t\t\t<div class=\"elementor-widget-container\">\n\t\t\t\t\t<h2 class=\"elementor-heading-title elementor-size-default\">Notre mission et notre objectif<\/h2>\t\t\t\t<\/div>\n\t\t\t\t<\/div>\n\t\t\t\t<div class=\"elementor-element elementor-element-feb5c68 elementor-widget elementor-widget-text-editor\" data-id=\"feb5c68\" data-element_type=\"widget\" data-widget_type=\"text-editor.default\">\n\t\t\t\t<div class=\"elementor-widget-container\">\n\t\t\t\t\t\t\t\t\t<p>\u00catre le fournisseur de pi\u00e8ces d\u00e9tach\u00e9es automobiles le plus important et le plus fiable pour les entreprises du monde entier, connu pour notre qualit\u00e9 exceptionnelle, nos solutions innovantes et notre service client in\u00e9gal\u00e9. Nous nous effor\u00e7ons de donner \u00e0 nos clients les meilleurs produits et le meilleur soutien, leur permettant d&#8217;atteindre leurs objectifs commerciaux et de favoriser leur r\u00e9ussite.<\/p>\t\t\t\t\t\t\t\t<\/div>\n\t\t\t\t<\/div>\n\t\t\t\t<\/div>\n\t\t\t\t\t<\/div>\n\t\t\t\t<\/div>\n\t\t<div class=\"elementor-element elementor-element-ac1f5aa e-flex e-con-boxed e-con e-parent\" data-id=\"ac1f5aa\" data-element_type=\"container\">\n\t\t\t\t\t<div class=\"e-con-inner\">\n\t\t\t\t<div class=\"elementor-element elementor-element-e85cb70 elementor-widget elementor-widget-heading\" data-id=\"e85cb70\" data-element_type=\"widget\" data-widget_type=\"heading.default\">\n\t\t\t\t<div class=\"elementor-widget-container\">\n\t\t\t\t\t<h2 class=\"elementor-heading-title elementor-size-default\">Rencontrez notre \u00e9quipe<\/h2>\t\t\t\t<\/div>\n\t\t\t\t<\/div>\n\t\t\t\t\t<\/div>\n\t\t\t\t<\/div>\n\t\t<div class=\"elementor-element elementor-element-9e9d55b e-flex e-con-boxed e-con e-parent\" data-id=\"9e9d55b\" data-element_type=\"container\">\n\t\t\t\t\t<div class=\"e-con-inner\">\n\t\t<div class=\"elementor-element elementor-element-269fdae e-con-full e-flex e-con e-child\" data-id=\"269fdae\" data-element_type=\"container\">\n\t\t\t\t<div class=\"elementor-element elementor-element-5b48f94 elementor-widget elementor-widget-image\" data-id=\"5b48f94\" data-element_type=\"widget\" data-widget_type=\"image.default\">\n\t\t\t\t<div class=\"elementor-widget-container\">\n\t\t\t\t\t\t\t\t\t\t\t\t\t\t\t<img loading=\"lazy\" decoding=\"async\" width=\"274\" height=\"327\" src=\"https:\/\/tradexfrancemotors.com\/wp-content\/uploads\/2024\/11\/1.png\" class=\"attachment-large size-large wp-image-45967\" alt=\"\" \/>\t\t\t\t\t\t\t\t\t\t\t\t\t\t\t<\/div>\n\t\t\t\t<\/div>\n\t\t\t\t<\/div>\n\t\t<div class=\"elementor-element elementor-element-e24952b e-con-full e-flex e-con e-child\" data-id=\"e24952b\" data-element_type=\"container\">\n\t\t\t\t<div class=\"elementor-element elementor-element-39ae299 elementor-widget elementor-widget-image\" data-id=\"39ae299\" data-element_type=\"widget\" data-widget_type=\"image.default\">\n\t\t\t\t<div class=\"elementor-widget-container\">\n\t\t\t\t\t\t\t\t\t\t\t\t\t\t\t<img loading=\"lazy\" decoding=\"async\" width=\"274\" height=\"327\" src=\"https:\/\/tradexfrancemotors.com\/wp-content\/uploads\/2024\/11\/2.png\" class=\"attachment-large size-large wp-image-45971\" alt=\"\" \/>\t\t\t\t\t\t\t\t\t\t\t\t\t\t\t<\/div>\n\t\t\t\t<\/div>\n\t\t\t\t<\/div>\n\t\t<div class=\"elementor-element elementor-element-eff7e85 e-con-full e-flex e-con e-child\" data-id=\"eff7e85\" data-element_type=\"container\">\n\t\t\t\t<div class=\"elementor-element elementor-element-1cd765b elementor-widget elementor-widget-image\" data-id=\"1cd765b\" data-element_type=\"widget\" data-widget_type=\"image.default\">\n\t\t\t\t<div class=\"elementor-widget-container\">\n\t\t\t\t\t\t\t\t\t\t\t\t\t\t\t<img loading=\"lazy\" decoding=\"async\" width=\"274\" height=\"327\" src=\"https:\/\/tradexfrancemotors.com\/wp-content\/uploads\/2024\/11\/3.png\" class=\"attachment-large size-large wp-image-45972\" alt=\"\" \/>\t\t\t\t\t\t\t\t\t\t\t\t\t\t\t<\/div>\n\t\t\t\t<\/div>\n\t\t\t\t<\/div>\n\t\t<div class=\"elementor-element elementor-element-9b73032 e-con-full e-flex e-con e-child\" data-id=\"9b73032\" data-element_type=\"container\">\n\t\t\t\t<div class=\"elementor-element elementor-element-daa87a2 elementor-widget elementor-widget-image\" data-id=\"daa87a2\" data-element_type=\"widget\" data-widget_type=\"image.default\">\n\t\t\t\t<div class=\"elementor-widget-container\">\n\t\t\t\t\t\t\t\t\t\t\t\t\t\t\t<img loading=\"lazy\" decoding=\"async\" width=\"274\" height=\"327\" src=\"https:\/\/tradexfrancemotors.com\/wp-content\/uploads\/2024\/11\/4.png\" class=\"attachment-large size-large wp-image-45973\" alt=\"\" \/>\t\t\t\t\t\t\t\t\t\t\t\t\t\t\t<\/div>\n\t\t\t\t<\/div>\n\t\t\t\t<\/div>\n\t\t<div class=\"elementor-element elementor-element-604a6cc e-con-full e-flex e-con e-child\" data-id=\"604a6cc\" data-element_type=\"container\">\n\t\t\t\t<div class=\"elementor-element elementor-element-a60872f elementor-widget elementor-widget-image\" data-id=\"a60872f\" data-element_type=\"widget\" data-widget_type=\"image.default\">\n\t\t\t\t<div class=\"elementor-widget-container\">\n\t\t\t\t\t\t\t\t\t\t\t\t\t\t\t<img loading=\"lazy\" decoding=\"async\" width=\"274\" height=\"327\" src=\"https:\/\/tradexfrancemotors.com\/wp-content\/uploads\/2024\/11\/5.png\" class=\"attachment-large size-large wp-image-45974\" alt=\"\" \/>\t\t\t\t\t\t\t\t\t\t\t\t\t\t\t<\/div>\n\t\t\t\t<\/div>\n\t\t\t\t<\/div>\n\t\t\t\t\t<\/div>\n\t\t\t\t<\/div>\n\t\t<div class=\"elementor-element elementor-element-f9fa871 e-flex e-con-boxed e-con e-parent\" data-id=\"f9fa871\" data-element_type=\"container\">\n\t\t\t\t\t<div class=\"e-con-inner\">\n\t\t\t\t<div class=\"elementor-element elementor-element-95b2af6 elementor-widget elementor-widget-heading\" data-id=\"95b2af6\" data-element_type=\"widget\" data-widget_type=\"heading.default\">\n\t\t\t\t<div class=\"elementor-widget-container\">\n\t\t\t\t\t<h2 class=\"elementor-heading-title elementor-size-default\">TESTAMENT<\/h2>\t\t\t\t<\/div>\n\t\t\t\t<\/div>\n\t\t\t\t<div class=\"elementor-element elementor-element-d84cd88 elementor-widget elementor-widget-bwp_testimonial\" data-id=\"d84cd88\" data-element_type=\"widget\" data-widget_type=\"bwp_testimonial.default\">\n\t\t\t\t<div class=\"elementor-widget-container\">\n\t\t\t\t\t<div class=\"bwp-testimonial layout3\">\r\n\t<div class=\"block\">\r\n\t\t<div class=\"testimonial-title\">\r\n\t\t\t\t\t<\/div>\r\n\t<div class=\"block_content\">\r\n\t\t<div id=\"testimonial_19566519531778080360\" class=\"slick-carousel \" data-focusonselect=\"true\" data-centermode=\"true\" data-slidesToScroll=\"true\" data-nav=\"1\" data-dots=\"0\" data-columns4=\"1\" data-columns3=\"1\" data-columns2=\"2\" data-columns1=\"3\" data-columns=\"3\">\r\n\t\t\t\t\t\t\t\t\t\t\t\t<div class=\"testimonial-content\">\r\n\t\t\t\t\t\t\t\t\t\t\t\t\t\t<div class=\"item\">\r\n\t\t\t\t\t\t<div class=\"testimonial-item\">\r\n\t\t\t\t\t\t\t<div class=\"content\">\r\n\t\t\t\t\t\t\t\t<div class=\"star star-5\"><\/div>\r\n\t\t\t\t\t\t\t\t<h2 class=\"testimonial-title-content\">Awesome Product!<\/h2>\r\n\t\t\t\t\t\t\t\t<div class=\"testimonial-customer-position\"><p class=\"post-excerpt\">I used to pride myself on the detail that I&#8217;d give my own car until I experienced Detail Doctors. I&#8217;ll never touch another cleaner... <\/p><\/div>\r\n\t\t\t\t\t\t\t\t<div class=\"testimonial-info\">\r\n\t\t\t\t\t\t\t\t\t<h2 class=\"testimonial-customer-name\">Jon Carter<\/h2>\r\n\t\t\t\t\t\t\t\t\t\t\r\n\t\t\t\t\t\t\t\t\t\t<div class=\"testimonial-job\">Designer<\/div>\r\n\t\t\t\t\t\t\t\t\t\t\t\t\t\t\t\t\t<\/div>\r\n\t\t\t\t\t\t\t<\/div>\r\n\t\t\t\t\t\t<\/div>\r\n\t\t\t\t\t<\/div> \r\n\t\t\t\t\t<!-- Wrapper for slides -->\r\n\t\t\t\t \r\n\t\t\t\t<\/div>\r\n\t\t\t\t\t\t\t\t\t\t\t\t\t\t\t\t<div class=\"testimonial-content\">\r\n\t\t\t\t\t\t\t\t\t\t\t\t\t\t<div class=\"item\">\r\n\t\t\t\t\t\t<div class=\"testimonial-item\">\r\n\t\t\t\t\t\t\t<div class=\"content\">\r\n\t\t\t\t\t\t\t\t<div class=\"star star-5\"><\/div>\r\n\t\t\t\t\t\t\t\t<h2 class=\"testimonial-title-content\">1 Great service!<\/h2>\r\n\t\t\t\t\t\t\t\t<div class=\"testimonial-customer-position\"><p class=\"post-excerpt\">I used to pride myself on the detail that I&#8217;d give my own car until I experienced Detail Doctors. I&#8217;ll never touch another cleaner... <\/p><\/div>\r\n\t\t\t\t\t\t\t\t<div class=\"testimonial-info\">\r\n\t\t\t\t\t\t\t\t\t<h2 class=\"testimonial-customer-name\">Consazan<\/h2>\r\n\t\t\t\t\t\t\t\t\t\t\r\n\t\t\t\t\t\t\t\t\t\t<div class=\"testimonial-job\">Designer<\/div>\r\n\t\t\t\t\t\t\t\t\t\t\t\t\t\t\t\t\t<\/div>\r\n\t\t\t\t\t\t\t<\/div>\r\n\t\t\t\t\t\t<\/div>\r\n\t\t\t\t\t<\/div> \r\n\t\t\t\t\t<!-- Wrapper for slides -->\r\n\t\t\t\t \r\n\t\t\t\t<\/div>\r\n\t\t\t\t\t\t\t\t\t\t\t\t\t\t\t\t<div class=\"testimonial-content\">\r\n\t\t\t\t\t\t\t\t\t\t\t\t\t\t<div class=\"item\">\r\n\t\t\t\t\t\t<div class=\"testimonial-item\">\r\n\t\t\t\t\t\t\t<div class=\"content\">\r\n\t\t\t\t\t\t\t\t<div class=\"star star-4\"><\/div>\r\n\t\t\t\t\t\t\t\t<h2 class=\"testimonial-title-content\">\u201cAmazing piece of history\u201d<\/h2>\r\n\t\t\t\t\t\t\t\t<div class=\"testimonial-customer-position\"><p class=\"post-excerpt\">I used to pride myself on the detail that I&#8217;d give my own car until I experienced Detail Doctors. I&#8217;ll never touch another cleaner... <\/p><\/div>\r\n\t\t\t\t\t\t\t\t<div class=\"testimonial-info\">\r\n\t\t\t\t\t\t\t\t\t<h2 class=\"testimonial-customer-name\">Ann Smith<\/h2>\r\n\t\t\t\t\t\t\t\t\t\t\r\n\t\t\t\t\t\t\t\t\t\t<div class=\"testimonial-job\">Ceo<\/div>\r\n\t\t\t\t\t\t\t\t\t\t\t\t\t\t\t\t\t<\/div>\r\n\t\t\t\t\t\t\t<\/div>\r\n\t\t\t\t\t\t<\/div>\r\n\t\t\t\t\t<\/div> \r\n\t\t\t\t\t<!-- Wrapper for slides -->\r\n\t\t\t\t \r\n\t\t\t\t<\/div>\r\n\t\t\t\t\t\t\t\t\t\t\t\t\t\t\t\t<div class=\"testimonial-content\">\r\n\t\t\t\t\t\t\t\t\t\t\t\t\t\t<div class=\"item\">\r\n\t\t\t\t\t\t<div class=\"testimonial-item\">\r\n\t\t\t\t\t\t\t<div class=\"content\">\r\n\t\t\t\t\t\t\t\t<div class=\"star star-5\"><\/div>\r\n\t\t\t\t\t\t\t\t<h2 class=\"testimonial-title-content\">\u201cFabulous Grounds\u201d<\/h2>\r\n\t\t\t\t\t\t\t\t<div class=\"testimonial-customer-position\"><p class=\"post-excerpt\">I used to pride myself on the detail that I&#8217;d give my own car until I experienced Detail Doctors. I&#8217;ll never touch another cleaner... <\/p><\/div>\r\n\t\t\t\t\t\t\t\t<div class=\"testimonial-info\">\r\n\t\t\t\t\t\t\t\t\t<h2 class=\"testimonial-customer-name\">Saitama One<\/h2>\r\n\t\t\t\t\t\t\t\t\t\t\r\n\t\t\t\t\t\t\t\t\t\t<div class=\"testimonial-job\">Photographer<\/div>\r\n\t\t\t\t\t\t\t\t\t\t\t\t\t\t\t\t\t<\/div>\r\n\t\t\t\t\t\t\t<\/div>\r\n\t\t\t\t\t\t<\/div>\r\n\t\t\t\t\t<\/div> \r\n\t\t\t\t\t<!-- Wrapper for slides -->\r\n\t\t\t\t \r\n\t\t\t\t<\/div>\r\n\t\t\t\t\t\t\t\t\t\t\t\t\t\t\t\t<div class=\"testimonial-content\">\r\n\t\t\t\t\t\t\t\t\t\t\t\t\t\t<div class=\"item\">\r\n\t\t\t\t\t\t<div class=\"testimonial-item\">\r\n\t\t\t\t\t\t\t<div class=\"content\">\r\n\t\t\t\t\t\t\t\t<div class=\"star star-5\"><\/div>\r\n\t\t\t\t\t\t\t\t<h2 class=\"testimonial-title-content\">Good Quality Product<\/h2>\r\n\t\t\t\t\t\t\t\t<div class=\"testimonial-customer-position\"><p class=\"post-excerpt\">I used to pride myself on the detail that I&#8217;d give my own car until I experienced Detail Doctors. I&#8217;ll never touch another cleaner... <\/p><\/div>\r\n\t\t\t\t\t\t\t\t<div class=\"testimonial-info\">\r\n\t\t\t\t\t\t\t\t\t<h2 class=\"testimonial-customer-name\">Sara Colinton<\/h2>\r\n\t\t\t\t\t\t\t\t\t\t\r\n\t\t\t\t\t\t\t\t\t\t<div class=\"testimonial-job\">Nutricionist<\/div>\r\n\t\t\t\t\t\t\t\t\t\t\t\t\t\t\t\t\t<\/div>\r\n\t\t\t\t\t\t\t<\/div>\r\n\t\t\t\t\t\t<\/div>\r\n\t\t\t\t\t<\/div> \r\n\t\t\t\t\t<!-- Wrapper for slides -->\r\n\t\t\t\t \r\n\t\t\t\t<\/div>\r\n\t\t\t\t\t\t\t\t\t<\/div>\r\n\t<\/div>\r\n <\/div>\r\n<\/div>\r\n\t\t\t\t<\/div>\n\t\t\t\t<\/div>\n\t\t\t\t\t<\/div>\n\t\t\t\t<\/div>\n\t\t\t\t<\/div>\n\t\t","protected":false},"excerpt":{"rendered":"<p>HISTOIRE DE LA MARQUE Depuis 1999, Tradex France est un fournisseur automobile de premier plan, proposant une large gamme de pi\u00e8ces d\u00e9tach\u00e9es automobiles \u00e9quivalentes \u00e0 l&#8217;original pour les v\u00e9hicules de tourisme. Notre d\u00e9vouement \u00e0 l&#8217;innovation se refl\u00e8te dans nos efforts continus pour am\u00e9liorer les processus de fabrication et introduire de nouveaux produits. Cependant, c&#8217;est notre [&hellip;]<\/p>\n","protected":false},"author":1,"featured_media":0,"parent":0,"menu_order":0,"comment_status":"closed","ping_status":"closed","template":"","meta":{"footnotes":""},"class_list":["post-46056","page","type-page","status-publish","hentry","has-post-thumbnail"],"lang":"fr","translations":{"fr":46056,"en":45945},"pll_sync_post":[],"_links":{"self":[{"href":"https:\/\/tradexfrancemotors.com\/index.php\/wp-json\/wp\/v2\/pages\/46056","targetHints":{"allow":["GET"]}}],"collection":[{"href":"https:\/\/tradexfrancemotors.com\/index.php\/wp-json\/wp\/v2\/pages"}],"about":[{"href":"https:\/\/tradexfrancemotors.com\/index.php\/wp-json\/wp\/v2\/types\/page"}],"author":[{"embeddable":true,"href":"https:\/\/tradexfrancemotors.com\/index.php\/wp-json\/wp\/v2\/users\/1"}],"replies":[{"embeddable":true,"href":"https:\/\/tradexfrancemotors.com\/index.php\/wp-json\/wp\/v2\/comments?post=46056"}],"version-history":[{"count":10,"href":"https:\/\/tradexfrancemotors.com\/index.php\/wp-json\/wp\/v2\/pages\/46056\/revisions"}],"predecessor-version":[{"id":46066,"href":"https:\/\/tradexfrancemotors.com\/index.php\/wp-json\/wp\/v2\/pages\/46056\/revisions\/46066"}],"wp:attachment":[{"href":"https:\/\/tradexfrancemotors.com\/index.php\/wp-json\/wp\/v2\/media?parent=46056"}],"curies":[{"name":"wp","href":"https:\/\/api.w.org\/{rel}","templated":true}]}}