{"id":46022,"date":"2024-11-27T08:31:13","date_gmt":"2024-11-27T08:31:13","guid":{"rendered":"https:\/\/tradexfrancemotors.com\/?page_id=46022"},"modified":"2025-02-18T08:40:09","modified_gmt":"2025-02-18T08:40:09","slug":"welcome-fr","status":"publish","type":"page","link":"https:\/\/tradexfrancemotors.com\/index.php\/fr\/welcome-fr\/","title":{"rendered":"welcome-fr"},"content":{"rendered":"\t\t<div data-elementor-type=\"wp-page\" data-elementor-id=\"46022\" class=\"elementor elementor-46022\" data-elementor-post-type=\"page\">\n\t\t\t\t<div class=\"elementor-element elementor-element-00e9249 e-con-full elementor-hidden-tablet elementor-hidden-mobile elementor-hidden-desktop e-flex e-con e-parent\" data-id=\"00e9249\" data-element_type=\"container\" data-settings=\"{&quot;background_background&quot;:&quot;classic&quot;}\">\n\t\t\t\t<div class=\"elementor-element elementor-element-fd0c02e spian elementor-widget elementor-widget-image\" data-id=\"fd0c02e\" data-element_type=\"widget\" data-widget_type=\"image.default\">\n\t\t\t\t<div class=\"elementor-widget-container\">\n\t\t\t\t\t\t\t\t\t\t\t\t\t\t\t<img decoding=\"async\" width=\"258\" height=\"126\" src=\"https:\/\/tradexfrancemotors.com\/wp-content\/uploads\/2025\/01\/tradex.svg\" class=\"attachment-large size-large wp-image-46691\" alt=\"\" \/>\t\t\t\t\t\t\t\t\t\t\t\t\t\t\t<\/div>\n\t\t\t\t<\/div>\n\t\t<div class=\"elementor-element elementor-element-cd27786 e-con-full e-flex e-con e-child\" data-id=\"cd27786\" data-element_type=\"container\">\n\t\t\t\t<div class=\"elementor-element elementor-element-338f780 elementor-widget elementor-widget-html\" data-id=\"338f780\" data-element_type=\"widget\" data-widget_type=\"html.default\">\n\t\t\t\t<div class=\"elementor-widget-container\">\n\t\t\t\t\t<div class=\"welcome-page-grid\">\n    <!-- Spare Parts Section -->\n    <div class=\"welcome-page-item\">\n        <a href=\"\">\n            <div class=\"welcome-page-image\">\n                <img decoding=\"async\" src=\"https:\/\/tradexfrancemotors.com\/wp-content\/uploads\/2024\/08\/Rectangle-8-2-1.png\" alt=\"des pi\u00e8ces de rechange\">\n            <\/div>\n            <div class=\"welcome-page-title-spare-parts\">\n                <p>DES PI\u00c8CES DE RECHANGE<\/p>\n            <\/div>\n        <\/a>\n    <\/div>\n\n    <!-- Cars Section -->\n    <div class=\"welcome-page-item\">\n        <a href=\"\">\n            <div class=\"welcome-page-image\">\n                <img decoding=\"async\" src=\"https:\/\/tradexfrancemotors.com\/wp-content\/uploads\/2024\/08\/Rectangle-9-2-1.png\" alt=\"Cars\">\n            <\/div>\n            <div class=\"welcome-page-title-cars\">\n                <p>VOITURES<\/p>\n            <\/div>\n        <\/a>\n    <\/div>\n<\/div>\n\t\t\t\t<\/div>\n\t\t\t\t<\/div>\n\t\t\t\t<\/div>\n\t\t\t\t<\/div>\n\t\t<div class=\"elementor-element elementor-element-6b7e2c5 e-con-full elementor-hidden-tablet elementor-hidden-mobile e-flex e-con e-parent\" data-id=\"6b7e2c5\" data-element_type=\"container\" data-settings=\"{&quot;background_background&quot;:&quot;classic&quot;}\">\n\t\t\t\t<div class=\"elementor-element elementor-element-4b846f4 elementor-widget elementor-widget-image\" data-id=\"4b846f4\" data-element_type=\"widget\" data-widget_type=\"image.default\">\n\t\t\t\t<div class=\"elementor-widget-container\">\n\t\t\t\t\t\t\t\t\t\t\t\t\t\t\t<img decoding=\"async\" width=\"258\" height=\"126\" src=\"https:\/\/tradexfrancemotors.com\/wp-content\/uploads\/2024\/08\/Asset-2@10x-1-2-1.png\" class=\"attachment-large size-large wp-image-44931\" alt=\"\" \/>\t\t\t\t\t\t\t\t\t\t\t\t\t\t\t<\/div>\n\t\t\t\t<\/div>\n\t\t<div class=\"elementor-element elementor-element-53ff20b e-con-full e-flex e-con e-child\" data-id=\"53ff20b\" data-element_type=\"container\" data-settings=\"{&quot;background_background&quot;:&quot;classic&quot;}\">\n\t\t<div class=\"elementor-element elementor-element-afda976 e-con-full e-flex e-con e-child\" data-id=\"afda976\" data-element_type=\"container\" data-settings=\"{&quot;background_background&quot;:&quot;classic&quot;}\">\n\t\t\t\t<div class=\"elementor-element elementor-element-4057e69 elementor-widget elementor-widget-image\" data-id=\"4057e69\" data-element_type=\"widget\" data-widget_type=\"image.default\">\n\t\t\t\t<div class=\"elementor-widget-container\">\n\t\t\t\t\t\t\t\t\t\t\t\t\t\t\t<img fetchpriority=\"high\" decoding=\"async\" width=\"761\" height=\"557\" src=\"https:\/\/tradexfrancemotors.com\/wp-content\/uploads\/2024\/08\/Rectangle-8-2-1.png\" class=\"attachment-full size-full wp-image-44932\" alt=\"\" \/>\t\t\t\t\t\t\t\t\t\t\t\t\t\t\t<\/div>\n\t\t\t\t<\/div>\n\t\t\t\t<div class=\"elementor-element elementor-element-4565fe4 elementor-widget__width-initial elementor-widget-mobile__width-inherit elementor-hidden-desktop elementor-hidden-tablet elementor-widget elementor-widget-heading\" data-id=\"4565fe4\" data-element_type=\"widget\" data-widget_type=\"heading.default\">\n\t\t\t\t<div class=\"elementor-widget-container\">\n\t\t\t\t\t<h2 class=\"elementor-heading-title elementor-size-default\"><a href=\"https:\/\/tradexfrancemotors.com\/index.php\/spare-parts-home\/\">des pi\u00e8ces de rechange<\/a><\/h2>\t\t\t\t<\/div>\n\t\t\t\t<\/div>\n\t\t\t\t<\/div>\n\t\t<div class=\"elementor-element elementor-element-68d9d08 e-con-full e-flex e-con e-child\" data-id=\"68d9d08\" data-element_type=\"container\" data-settings=\"{&quot;background_background&quot;:&quot;classic&quot;}\">\n\t\t\t\t<div class=\"elementor-element elementor-element-511df6c elementor-widget elementor-widget-image\" data-id=\"511df6c\" data-element_type=\"widget\" data-widget_type=\"image.default\">\n\t\t\t\t<div class=\"elementor-widget-container\">\n\t\t\t\t\t\t\t\t\t\t\t\t\t\t\t<img loading=\"lazy\" decoding=\"async\" width=\"757\" height=\"557\" src=\"https:\/\/tradexfrancemotors.com\/wp-content\/uploads\/2024\/08\/Rectangle-9-2-1.png\" class=\"attachment-large size-large wp-image-44933\" alt=\"\" \/>\t\t\t\t\t\t\t\t\t\t\t\t\t\t\t<\/div>\n\t\t\t\t<\/div>\n\t\t\t\t<div class=\"elementor-element elementor-element-cc53dfe elementor-widget__width-initial elementor-widget-mobile__width-inherit elementor-hidden-desktop elementor-hidden-tablet elementor-widget elementor-widget-heading\" data-id=\"cc53dfe\" data-element_type=\"widget\" data-widget_type=\"heading.default\">\n\t\t\t\t<div class=\"elementor-widget-container\">\n\t\t\t\t\t<h2 class=\"elementor-heading-title elementor-size-default\">VOITURES<\/h2>\t\t\t\t<\/div>\n\t\t\t\t<\/div>\n\t\t\t\t<\/div>\n\t\t\t\t<\/div>\n\t\t<div class=\"elementor-element elementor-element-1f81772 e-grid elementor-hidden-mobile e-con-boxed e-con e-child\" data-id=\"1f81772\" data-element_type=\"container\" data-settings=\"{&quot;background_background&quot;:&quot;classic&quot;}\">\n\t\t\t\t\t<div class=\"e-con-inner\">\n\t\t\t\t<div class=\"elementor-element elementor-element-80bb5b7 elementor-widget__width-initial elementor-widget-mobile__width-inherit elementor-widget elementor-widget-heading\" data-id=\"80bb5b7\" data-element_type=\"widget\" id=\"left-title\" data-widget_type=\"heading.default\">\n\t\t\t\t<div class=\"elementor-widget-container\">\n\t\t\t\t\t<h2 class=\"elementor-heading-title elementor-size-default\">des pi\u00e8ces de rechange<\/h2>\t\t\t\t<\/div>\n\t\t\t\t<\/div>\n\t\t\t\t<div class=\"elementor-element elementor-element-b88cd44 elementor-widget__width-initial elementor-widget-mobile__width-inherit elementor-widget elementor-widget-heading\" data-id=\"b88cd44\" data-element_type=\"widget\" id=\"right-title\" data-widget_type=\"heading.default\">\n\t\t\t\t<div class=\"elementor-widget-container\">\n\t\t\t\t\t<h2 class=\"elementor-heading-title elementor-size-default\">VOITURES<\/h2>\t\t\t\t<\/div>\n\t\t\t\t<\/div>\n\t\t\t\t\t<\/div>\n\t\t\t\t<\/div>\n\t\t\t\t<\/div>\n\t\t<div class=\"elementor-element elementor-element-67786b9 e-con-full elementor-hidden-desktop e-flex e-con e-parent\" data-id=\"67786b9\" data-element_type=\"container\" data-settings=\"{&quot;background_background&quot;:&quot;classic&quot;}\">\n\t\t\t\t<div class=\"elementor-element elementor-element-b35762b elementor-widget elementor-widget-image\" data-id=\"b35762b\" data-element_type=\"widget\" data-widget_type=\"image.default\">\n\t\t\t\t<div class=\"elementor-widget-container\">\n\t\t\t\t\t\t\t\t\t\t\t\t\t\t\t<img loading=\"lazy\" decoding=\"async\" width=\"258\" height=\"126\" src=\"https:\/\/tradexfrancemotors.com\/wp-content\/uploads\/2024\/08\/Asset-2@10x-1-2-1.png\" class=\"attachment-full size-full wp-image-44931\" alt=\"\" \/>\t\t\t\t\t\t\t\t\t\t\t\t\t\t\t<\/div>\n\t\t\t\t<\/div>\n\t\t<div class=\"elementor-element elementor-element-73ec874 e-con-full e-flex e-con e-child\" data-id=\"73ec874\" data-element_type=\"container\" data-settings=\"{&quot;background_background&quot;:&quot;classic&quot;}\">\n\t\t<div class=\"elementor-element elementor-element-2b6757d e-con-full e-flex e-con e-child\" data-id=\"2b6757d\" data-element_type=\"container\" data-settings=\"{&quot;background_background&quot;:&quot;classic&quot;}\">\n\t\t\t\t<div class=\"elementor-element elementor-element-b06255d elementor-widget elementor-widget-image\" data-id=\"b06255d\" data-element_type=\"widget\" data-widget_type=\"image.default\">\n\t\t\t\t<div class=\"elementor-widget-container\">\n\t\t\t\t\t\t\t\t\t\t\t\t\t\t\t<img loading=\"lazy\" decoding=\"async\" width=\"757\" height=\"557\" src=\"https:\/\/tradexfrancemotors.com\/wp-content\/uploads\/2024\/08\/Rectangle-9-1.png\" class=\"attachment-large size-large wp-image-44915\" alt=\"\" \/>\t\t\t\t\t\t\t\t\t\t\t\t\t\t\t<\/div>\n\t\t\t\t<\/div>\n\t\t\t\t<div class=\"elementor-element elementor-element-bee1d44 elementor-widget__width-initial elementor-widget elementor-widget-heading\" data-id=\"bee1d44\" data-element_type=\"widget\" data-widget_type=\"heading.default\">\n\t\t\t\t<div class=\"elementor-widget-container\">\n\t\t\t\t\t<p class=\"elementor-heading-title elementor-size-default\"><h2 class=\"elementor-heading-title elementor-size-default elementor-inline-editing pen\" data-elementor-setting-key=\"title\" data-pen-placeholder=\"Type Here...\">VOITURES<\/h2><\/p>\t\t\t\t<\/div>\n\t\t\t\t<\/div>\n\t\t\t\t<div class=\"elementor-element elementor-element-cec9f38 elementor-widget elementor-widget-image\" data-id=\"cec9f38\" data-element_type=\"widget\" data-widget_type=\"image.default\">\n\t\t\t\t<div class=\"elementor-widget-container\">\n\t\t\t\t\t\t\t\t\t\t\t\t\t\t\t<img loading=\"lazy\" decoding=\"async\" width=\"761\" height=\"557\" src=\"https:\/\/tradexfrancemotors.com\/wp-content\/uploads\/2024\/08\/Rectangle-8-2.png\" class=\"attachment-large size-large wp-image-44928\" alt=\"\" \/>\t\t\t\t\t\t\t\t\t\t\t\t\t\t\t<\/div>\n\t\t\t\t<\/div>\n\t\t\t\t<div class=\"elementor-element elementor-element-69af343 elementor-widget__width-initial elementor-widget elementor-widget-heading\" data-id=\"69af343\" data-element_type=\"widget\" data-widget_type=\"heading.default\">\n\t\t\t\t<div class=\"elementor-widget-container\">\n\t\t\t\t\t<p class=\"elementor-heading-title elementor-size-default\">DES PI\u00c8CES DE RECHANGE<\/p>\t\t\t\t<\/div>\n\t\t\t\t<\/div>\n\t\t\t\t<\/div>\n\t\t\t\t<\/div>\n\t\t\t\t<\/div>\n\t\t\t\t<\/div>\n\t\t","protected":false},"excerpt":{"rendered":"<p>DES PI\u00c8CES DE RECHANGE VOITURES des pi\u00e8ces de rechange VOITURES des pi\u00e8ces de rechange VOITURES VOITURES DES PI\u00c8CES DE RECHANGE<\/p>\n","protected":false},"author":1,"featured_media":0,"parent":0,"menu_order":0,"comment_status":"closed","ping_status":"closed","template":"elementor_canvas","meta":{"footnotes":""},"class_list":["post-46022","page","type-page","status-publish","hentry"],"lang":"fr","translations":{"fr":46022,"en":44906,"ar":45177},"pll_sync_post":[],"_links":{"self":[{"href":"https:\/\/tradexfrancemotors.com\/index.php\/wp-json\/wp\/v2\/pages\/46022","targetHints":{"allow":["GET"]}}],"collection":[{"href":"https:\/\/tradexfrancemotors.com\/index.php\/wp-json\/wp\/v2\/pages"}],"about":[{"href":"https:\/\/tradexfrancemotors.com\/index.php\/wp-json\/wp\/v2\/types\/page"}],"author":[{"embeddable":true,"href":"https:\/\/tradexfrancemotors.com\/index.php\/wp-json\/wp\/v2\/users\/1"}],"replies":[{"embeddable":true,"href":"https:\/\/tradexfrancemotors.com\/index.php\/wp-json\/wp\/v2\/comments?post=46022"}],"version-history":[{"count":26,"href":"https:\/\/tradexfrancemotors.com\/index.php\/wp-json\/wp\/v2\/pages\/46022\/revisions"}],"predecessor-version":[{"id":46805,"href":"https:\/\/tradexfrancemotors.com\/index.php\/wp-json\/wp\/v2\/pages\/46022\/revisions\/46805"}],"wp:attachment":[{"href":"https:\/\/tradexfrancemotors.com\/index.php\/wp-json\/wp\/v2\/media?parent=46022"}],"curies":[{"name":"wp","href":"https:\/\/api.w.org\/{rel}","templated":true}]}}